{"id":2069,"date":"2017-01-31T19:02:09","date_gmt":"2017-01-31T19:02:09","guid":{"rendered":"http:\/\/ides.com.pt\/?page_id=2069&#038;lang=en"},"modified":"2022-09-16T18:30:52","modified_gmt":"2022-09-16T18:30:52","slug":"company","status":"publish","type":"page","link":"https:\/\/ides.com.pt\/en\/company\/","title":{"rendered":"Company"},"content":{"rendered":"<p>[vc_row][vc_column][vc_empty_space][\/vc_column][\/vc_row][vc_row][vc_column width=&#8221;1\/2&#8243;][vc_single_image image=&#8221;1997&#8243; img_size=&#8221;full&#8221; add_caption=&#8221;yes&#8221; alignment=&#8221;center&#8221; css_animation=&#8221;slideInLeft&#8221;][\/vc_column][vc_column width=&#8221;1\/2&#8243;][vc_column_text css_animation=&#8221;slideInRight&#8221;]<\/p>\n<h3>HISTORY<\/h3>\n<p><strong>IDES &#8211; Lda<\/strong> company was born on February 14, in the year of 2012.<br \/>\nHowever, the collaboration between the two managing partners of the<br \/>\nCompany was already long and in the most diverse areas of engineering.<br \/>\nThe many works designed and executed together, Led to Daniel Rito and<br \/>\nLereno Margarido realizing that the Synergies created so far should be<br \/>\nenough for the implementation of a larger project. So IDES &#8211; Lda is<br \/>\nborn. Our company is currently focused on several areas of Projects,<br \/>\nsuch as: Electrical, Intrusion, Video Surveillance, Domotics, ITED,<br \/>\nRCCTE, SCI (1st, 2nd, 3rd and 4th Category), Plan of Emergency, HVAC,<br \/>\nRSECE Energy and QAI, Energy Certification and Energy Audits.[\/vc_column_text][\/vc_column][\/vc_row][vc_row][vc_column width=&#8221;1\/2&#8243;][vc_column_text css_animation=&#8221;slideInLeft&#8221;]<\/p>\n<h3>VALUES<\/h3>\n<p>Our values are based on dynamism, commitment, loyalty and honesty, for<br \/>\nthis reason we can say that our task is only completed when the<br \/>\ncustomer is satisfied with our performance.[\/vc_column_text][\/vc_column][vc_column width=&#8221;1\/2&#8243;][vc_column_text css_animation=&#8221;slideInRight&#8221;]<\/p>\n<h3>Mission<\/h3>\n<p>We have as main mission the affirmation as a competitive company In<br \/>\nour work areas, presenting quality, rigor and excellence to our<br \/>\npartners and customers. For this purpose we have a specialized<br \/>\ntechnical team, composed of committed professionals who offer our<br \/>\nclients the best solutions.[\/vc_column_text][\/vc_column][\/vc_row][vc_row][vc_column][vc_separator color=&#8221;custom&#8221; border_width=&#8221;2&#8243; accent_color=&#8221;#00abc9&#8243;][\/vc_column][\/vc_row][vc_row css=&#8221;.vc_custom_1555061716065{margin-top: 0px !important;margin-bottom: 0px !important;}&#8221;][vc_column width=&#8221;1\/6&#8243;][\/vc_column][vc_column width=&#8221;2\/3&#8243;][vc_custom_heading text=&#8221;Organization chart&#8221; font_container=&#8221;tag:h3|font_size:31px|text_align:center|color:%23303030|line_height:36px&#8221; use_theme_fonts=&#8221;yes&#8221; css_animation=&#8221;top-to-bottom&#8221; custom_css=&#8221;letter-spacing: -0.04em;&#8221; css=&#8221;.vc_custom_1555926597928{margin-bottom: 35px !important;}&#8221;][vc_single_image image=&#8221;2381&#8243; img_size=&#8221;full&#8221; alignment=&#8221;center&#8221; css_animation=&#8221;fadeInUp&#8221;][\/vc_column][vc_column width=&#8221;1\/6&#8243;][\/vc_column][\/vc_row][vc_row][vc_column][vc_separator color=&#8221;custom&#8221; border_width=&#8221;2&#8243; accent_color=&#8221;#00abc9&#8243;][\/vc_column][\/vc_row][vc_row css=&#8221;.vc_custom_1474597310222{padding-bottom: 60px !important;}&#8221;][vc_column][vc_empty_space][vc_icon icon_fontawesome=&#8221;fa fa-caret-down&#8221; color=&#8221;grey&#8221; align=&#8221;center&#8221; css=&#8221;.vc_custom_1485775676375{margin-bottom: 0px !important;}&#8221;][vc_custom_heading text=&#8221;About US&#8221; font_container=&#8221;tag:h3|font_size:31px|text_align:center|color:%23303030|line_height:36px&#8221; use_theme_fonts=&#8221;yes&#8221; custom_css=&#8221;letter-spacing: -0.04em;&#8221; css=&#8221;.vc_custom_1485889304489{margin-bottom: 10px !important;}&#8221;][vc_custom_heading text=&#8221;our team of experties&#8221; font_container=&#8221;tag:div|font_size:18px|text_align:center|color:%23888888|line_height:24px&#8221; use_theme_fonts=&#8221;yes&#8221; custom_css=&#8221;letter-spacing: 0.03em;&#8221; el_class=&#8221;bt-crimson-text-font&#8221; css=&#8221;.vc_custom_1485889316875{margin-bottom: 20px !important;}&#8221;][bears_blog element_id=&#8221;1474599972653-0a2a346e-9bda&#8221; source=&#8221;size:20|order_by:date|order:ASC|post_type:team&#8221; template=&#8221;{&#8220;template&#8220;:&#8220;bears_blog&#8211;team.php&#8220;,&#8220;show_pagination&#8220;:&#8220;show&#8220;,&#8220;columns&#8220;:&#8220;4&#8220;,&#8220;style&#8220;:&#8220;style3&#8220;,&#8220;image_size&#8220;:&#8220;large&#8220;,&#8220;image_height&#8220;:&#8220;300&#8220;}&#8221;][\/vc_column][\/vc_row]<\/p>\n","protected":false},"excerpt":{"rendered":"<p>[vc_row][vc_column][vc_empty_space][\/vc_column][\/vc_row][vc_row][vc_column width=&#8221;1\/2&#8243;][vc_single_image image=&#8221;1997&#8243; img_size=&#8221;full&#8221; add_caption=&#8221;yes&#8221; alignment=&#8221;center&#8221; css_animation=&#8221;slideInLeft&#8221;][\/vc_column][vc_column width=&#8221;1\/2&#8243;][vc_column_text css_animation=&#8221;slideInRight&#8221;] HISTORY IDES &#8211; Lda company was born on February 14, in the year of 2012. However, the collaboration between the two managing partners of the Company was already long and in the most diverse areas of engineering. The many works designed and executed together, Led to [&hellip;]<\/p>\n","protected":false},"author":1,"featured_media":0,"parent":0,"menu_order":0,"comment_status":"closed","ping_status":"closed","template":"page-notitlebar.php","meta":{"inline_featured_image":false,"_mi_skip_tracking":false},"yoast_head":"<!-- This site is optimized with the Yoast SEO plugin v19.6.1 - https:\/\/yoast.com\/wordpress\/plugins\/seo\/ -->\n<title>Company - IDES - Inova\u00e7\u00e3o e Desenvolvimento Em Engenharia e Software, Lda<\/title>\n<meta name=\"robots\" content=\"index, follow, max-snippet:-1, max-image-preview:large, max-video-preview:-1\" \/>\n<link rel=\"canonical\" href=\"https:\/\/ides.com.pt\/en\/company\/\" \/>\n<meta property=\"og:locale\" content=\"en_US\" \/>\n<meta property=\"og:type\" content=\"article\" \/>\n<meta property=\"og:title\" content=\"Company - IDES - Inova\u00e7\u00e3o e Desenvolvimento Em Engenharia e Software, Lda\" \/>\n<meta property=\"og:description\" content=\"[vc_row][vc_column][vc_empty_space][\/vc_column][\/vc_row][vc_row][vc_column width=&#8221;1\/2&#8243;][vc_single_image image=&#8221;1997&#8243; img_size=&#8221;full&#8221; add_caption=&#8221;yes&#8221; alignment=&#8221;center&#8221; css_animation=&#8221;slideInLeft&#8221;][\/vc_column][vc_column width=&#8221;1\/2&#8243;][vc_column_text css_animation=&#8221;slideInRight&#8221;] HISTORY IDES &#8211; Lda company was born on February 14, in the year of 2012. However, the collaboration between the two managing partners of the Company was already long and in the most diverse areas of engineering. The many works designed and executed together, Led to [&hellip;]\" \/>\n<meta property=\"og:url\" content=\"https:\/\/ides.com.pt\/en\/company\/\" \/>\n<meta property=\"og:site_name\" content=\"IDES - Inova\u00e7\u00e3o e Desenvolvimento Em Engenharia e Software, Lda\" \/>\n<meta property=\"article:publisher\" content=\"https:\/\/www.facebook.com\/IDES-Inova%c3%a7%c3%a3o-e-Desenvolvimento-Em-Engenharia-e-Software-Lda-350578384965452\/\" \/>\n<meta property=\"article:modified_time\" content=\"2022-09-16T18:30:52+00:00\" \/>\n<meta name=\"twitter:card\" content=\"summary\" \/>\n<meta name=\"twitter:label1\" content=\"Est. reading time\" \/>\n\t<meta name=\"twitter:data1\" content=\"2 minutes\" \/>\n<script type=\"application\/ld+json\" class=\"yoast-schema-graph\">{\"@context\":\"https:\/\/schema.org\",\"@graph\":[{\"@type\":\"WebPage\",\"@id\":\"https:\/\/ides.com.pt\/en\/company\/\",\"url\":\"https:\/\/ides.com.pt\/en\/company\/\",\"name\":\"Company - IDES - Inova\u00e7\u00e3o e Desenvolvimento Em Engenharia e Software, Lda\",\"isPartOf\":{\"@id\":\"https:\/\/ides.com.pt\/#website\"},\"datePublished\":\"2017-01-31T19:02:09+00:00\",\"dateModified\":\"2022-09-16T18:30:52+00:00\",\"breadcrumb\":{\"@id\":\"https:\/\/ides.com.pt\/en\/company\/#breadcrumb\"},\"inLanguage\":\"en-US\",\"potentialAction\":[{\"@type\":\"ReadAction\",\"target\":[\"https:\/\/ides.com.pt\/en\/company\/\"]}]},{\"@type\":\"BreadcrumbList\",\"@id\":\"https:\/\/ides.com.pt\/en\/company\/#breadcrumb\",\"itemListElement\":[{\"@type\":\"ListItem\",\"position\":1,\"name\":\"In\u00edcio\",\"item\":\"https:\/\/ides.com.pt\/en\/\"},{\"@type\":\"ListItem\",\"position\":2,\"name\":\"Company\"}]},{\"@type\":\"WebSite\",\"@id\":\"https:\/\/ides.com.pt\/#website\",\"url\":\"https:\/\/ides.com.pt\/\",\"name\":\"IDES - Inova\u00e7\u00e3o e Desenvolvimento Em Engenharia e Software, Lda\",\"description\":\"Solu\u00e7\u00f5es e propostas or\u00e7amentais para as suas obras\",\"publisher\":{\"@id\":\"https:\/\/ides.com.pt\/#organization\"},\"potentialAction\":[{\"@type\":\"SearchAction\",\"target\":{\"@type\":\"EntryPoint\",\"urlTemplate\":\"https:\/\/ides.com.pt\/?s={search_term_string}\"},\"query-input\":\"required name=search_term_string\"}],\"inLanguage\":\"en-US\"},{\"@type\":\"Organization\",\"@id\":\"https:\/\/ides.com.pt\/#organization\",\"name\":\"IDES \u2013 Lda\",\"url\":\"https:\/\/ides.com.pt\/\",\"sameAs\":[\"https:\/\/www.linkedin.com\/in\/ides-lda-ides-lda-331614107\",\"https:\/\/www.facebook.com\/IDES-Inova\u00e7\u00e3o-e-Desenvolvimento-Em-Engenharia-e-Software-Lda-350578384965452\/\"],\"logo\":{\"@type\":\"ImageObject\",\"inLanguage\":\"en-US\",\"@id\":\"https:\/\/ides.com.pt\/#\/schema\/logo\/image\/\",\"url\":\"http:\/\/ides.com.pt\/wp-content\/uploads\/2017\/04\/logo-normal-1.png\",\"contentUrl\":\"http:\/\/ides.com.pt\/wp-content\/uploads\/2017\/04\/logo-normal-1.png\",\"width\":202,\"height\":90,\"caption\":\"IDES \u2013 Lda\"},\"image\":{\"@id\":\"https:\/\/ides.com.pt\/#\/schema\/logo\/image\/\"}}]}<\/script>\n<!-- \/ Yoast SEO plugin. -->","yoast_head_json":{"title":"Company - IDES - Inova\u00e7\u00e3o e Desenvolvimento Em Engenharia e Software, Lda","robots":{"index":"index","follow":"follow","max-snippet":"max-snippet:-1","max-image-preview":"max-image-preview:large","max-video-preview":"max-video-preview:-1"},"canonical":"https:\/\/ides.com.pt\/en\/company\/","og_locale":"en_US","og_type":"article","og_title":"Company - IDES - Inova\u00e7\u00e3o e Desenvolvimento Em Engenharia e Software, Lda","og_description":"[vc_row][vc_column][vc_empty_space][\/vc_column][\/vc_row][vc_row][vc_column width=&#8221;1\/2&#8243;][vc_single_image image=&#8221;1997&#8243; img_size=&#8221;full&#8221; add_caption=&#8221;yes&#8221; alignment=&#8221;center&#8221; css_animation=&#8221;slideInLeft&#8221;][\/vc_column][vc_column width=&#8221;1\/2&#8243;][vc_column_text css_animation=&#8221;slideInRight&#8221;] HISTORY IDES &#8211; Lda company was born on February 14, in the year of 2012. However, the collaboration between the two managing partners of the Company was already long and in the most diverse areas of engineering. The many works designed and executed together, Led to [&hellip;]","og_url":"https:\/\/ides.com.pt\/en\/company\/","og_site_name":"IDES - Inova\u00e7\u00e3o e Desenvolvimento Em Engenharia e Software, Lda","article_publisher":"https:\/\/www.facebook.com\/IDES-Inova%c3%a7%c3%a3o-e-Desenvolvimento-Em-Engenharia-e-Software-Lda-350578384965452\/","article_modified_time":"2022-09-16T18:30:52+00:00","twitter_card":"summary","twitter_misc":{"Est. reading time":"2 minutes"},"schema":{"@context":"https:\/\/schema.org","@graph":[{"@type":"WebPage","@id":"https:\/\/ides.com.pt\/en\/company\/","url":"https:\/\/ides.com.pt\/en\/company\/","name":"Company - IDES - Inova\u00e7\u00e3o e Desenvolvimento Em Engenharia e Software, Lda","isPartOf":{"@id":"https:\/\/ides.com.pt\/#website"},"datePublished":"2017-01-31T19:02:09+00:00","dateModified":"2022-09-16T18:30:52+00:00","breadcrumb":{"@id":"https:\/\/ides.com.pt\/en\/company\/#breadcrumb"},"inLanguage":"en-US","potentialAction":[{"@type":"ReadAction","target":["https:\/\/ides.com.pt\/en\/company\/"]}]},{"@type":"BreadcrumbList","@id":"https:\/\/ides.com.pt\/en\/company\/#breadcrumb","itemListElement":[{"@type":"ListItem","position":1,"name":"In\u00edcio","item":"https:\/\/ides.com.pt\/en\/"},{"@type":"ListItem","position":2,"name":"Company"}]},{"@type":"WebSite","@id":"https:\/\/ides.com.pt\/#website","url":"https:\/\/ides.com.pt\/","name":"IDES - Inova\u00e7\u00e3o e Desenvolvimento Em Engenharia e Software, Lda","description":"Solu\u00e7\u00f5es e propostas or\u00e7amentais para as suas obras","publisher":{"@id":"https:\/\/ides.com.pt\/#organization"},"potentialAction":[{"@type":"SearchAction","target":{"@type":"EntryPoint","urlTemplate":"https:\/\/ides.com.pt\/?s={search_term_string}"},"query-input":"required name=search_term_string"}],"inLanguage":"en-US"},{"@type":"Organization","@id":"https:\/\/ides.com.pt\/#organization","name":"IDES \u2013 Lda","url":"https:\/\/ides.com.pt\/","sameAs":["https:\/\/www.linkedin.com\/in\/ides-lda-ides-lda-331614107","https:\/\/www.facebook.com\/IDES-Inova\u00e7\u00e3o-e-Desenvolvimento-Em-Engenharia-e-Software-Lda-350578384965452\/"],"logo":{"@type":"ImageObject","inLanguage":"en-US","@id":"https:\/\/ides.com.pt\/#\/schema\/logo\/image\/","url":"http:\/\/ides.com.pt\/wp-content\/uploads\/2017\/04\/logo-normal-1.png","contentUrl":"http:\/\/ides.com.pt\/wp-content\/uploads\/2017\/04\/logo-normal-1.png","width":202,"height":90,"caption":"IDES \u2013 Lda"},"image":{"@id":"https:\/\/ides.com.pt\/#\/schema\/logo\/image\/"}}]}},"_links":{"self":[{"href":"https:\/\/ides.com.pt\/en\/wp-json\/wp\/v2\/pages\/2069"}],"collection":[{"href":"https:\/\/ides.com.pt\/en\/wp-json\/wp\/v2\/pages"}],"about":[{"href":"https:\/\/ides.com.pt\/en\/wp-json\/wp\/v2\/types\/page"}],"author":[{"embeddable":true,"href":"https:\/\/ides.com.pt\/en\/wp-json\/wp\/v2\/users\/1"}],"replies":[{"embeddable":true,"href":"https:\/\/ides.com.pt\/en\/wp-json\/wp\/v2\/comments?post=2069"}],"version-history":[{"count":9,"href":"https:\/\/ides.com.pt\/en\/wp-json\/wp\/v2\/pages\/2069\/revisions"}],"predecessor-version":[{"id":13139,"href":"https:\/\/ides.com.pt\/en\/wp-json\/wp\/v2\/pages\/2069\/revisions\/13139"}],"wp:attachment":[{"href":"https:\/\/ides.com.pt\/en\/wp-json\/wp\/v2\/media?parent=2069"}],"curies":[{"name":"wp","href":"https:\/\/api.w.org\/{rel}","templated":true}]}}